{"id":16,"date":"2025-05-05T16:06:31","date_gmt":"2025-05-05T16:06:31","guid":{"rendered":"https:\/\/fundaciongrillos.net\/escuelagrillitossinfonicos\/?page_id=16"},"modified":"2025-05-27T23:45:17","modified_gmt":"2025-05-28T02:45:17","slug":"sede-e-infraestructura","status":"publish","type":"page","link":"https:\/\/fundaciongrillos.net\/escuelagrillosinfonicos\/sede-e-infraestructura\/","title":{"rendered":"Sede"},"content":{"rendered":"\r\n<p><span style=\"font-family: helvetica, arial, sans-serif;\">\r\n\r\n<\/span><\/p>\r\n<p style=\"text-align: justify;\"><span style=\"font-family: helvetica, arial, sans-serif; font-size: 14pt;\">Ubicada en el coraz\u00f3n del barrio El Palomar de Posadas, la sede de la <strong>Fundaci\u00f3n Grillos<\/strong> en <strong>Comandante Mi\u00f1o 2418<\/strong> es un espacio vivo y en constante movimiento, donde el arte, la educaci\u00f3n y la comunidad se encuentran todos los d\u00edas.<\/span><\/p>\r\n<h3 style=\"text-align: justify;\" data-start=\"563\" data-end=\"601\"><span style=\"font-family: helvetica, arial, sans-serif; font-size: 14pt;\">Auditorio Fundaci\u00f3n Grillos<\/span><\/h3>\r\n<p style=\"text-align: justify;\" data-start=\"602\" data-end=\"974\"><span style=\"font-family: helvetica, arial, sans-serif; font-size: 14pt;\">En esta sede funciona el Auditorio Principal de la Fundaci\u00f3n, <strong>inaugurado en 2022<\/strong>, especialmente dise\u00f1ado para presentaciones art\u00edsticas, conciertos, funciones teatrales, muestras y encuentros culturales. Es un escenario para producciones propias y tambi\u00e9n un espacio abierto a artistas independientes, escuelas, agrupaciones corales y orquestales de toda la provincia.<\/span><\/p>\r\n\r\n\r\n\r\n<figure class=\"wp-block-image size-full\"><img loading=\"lazy\" decoding=\"async\" width=\"768\" height=\"432\" class=\"wp-image-104 aligncenter\" src=\"https:\/\/fundaciongrillos.net\/escuelagrillosinfonicos\/wp-content\/uploads\/2025\/05\/image-15.png\" alt=\"\" srcset=\"https:\/\/fundaciongrillos.net\/escuelagrillosinfonicos\/wp-content\/uploads\/2025\/05\/image-15.png 768w, https:\/\/fundaciongrillos.net\/escuelagrillosinfonicos\/wp-content\/uploads\/2025\/05\/image-15-300x169.png 300w\" sizes=\"auto, (max-width: 768px) 100vw, 768px\" \/><\/figure>\r\n\r\n\r\n\r\n<h3 class=\"wp-block-heading\"><span style=\"font-family: helvetica, arial, sans-serif; font-size: 14pt;\">Instalaciones destacadas<\/span><\/h3>\r\n<p><span style=\"font-family: helvetica, arial, sans-serif; font-size: 14pt;\">\r\n\r\n<\/span><\/p>\r\n<ul class=\"wp-block-list\">\r\n<li style=\"text-align: justify;\"><span style=\"font-family: helvetica, arial, sans-serif; font-size: 14pt;\"><strong>Aulas especializadas<\/strong>: Salones equipados para la ense\u00f1anza de artes esc\u00e9nicas, idiomas y disciplinas musicales, permitiendo una formaci\u00f3n integral y multidisciplinaria.<\/span><\/li>\r\n\r\n\r\n\r\n<li style=\"text-align: justify;\"><span style=\"font-family: helvetica, arial, sans-serif; font-size: 14pt;\"><strong>Auditorio propio<\/strong>: Un moderno auditorio con capacidad para 300 personas, destinado a conciertos, puestas en escena, congresos y actividades culturales, promoviendo la interacci\u00f3n con la comunidad y la difusi\u00f3n del talento local.<\/span><\/li>\r\n\r\n\r\n\r\n<li style=\"text-align: justify;\"><span style=\"font-family: helvetica, arial, sans-serif; font-size: 14pt;\"><strong>Espacios recreativos y de ensayo<\/strong>: \u00c1reas dise\u00f1adas para la pr\u00e1ctica musical y actividades l\u00fadicas, fomentando la creatividad y el trabajo en equipo.<\/span><\/li>\r\n<\/ul>\r\n\r\n\r\n\r\n<figure class=\"wp-block-image size-full\"><img loading=\"lazy\" decoding=\"async\" width=\"768\" height=\"576\" class=\"wp-image-105 aligncenter\" src=\"https:\/\/fundaciongrillos.net\/escuelagrillosinfonicos\/wp-content\/uploads\/2025\/05\/image-16.png\" alt=\"\" srcset=\"https:\/\/fundaciongrillos.net\/escuelagrillosinfonicos\/wp-content\/uploads\/2025\/05\/image-16.png 768w, https:\/\/fundaciongrillos.net\/escuelagrillosinfonicos\/wp-content\/uploads\/2025\/05\/image-16-300x225.png 300w\" sizes=\"auto, (max-width: 768px) 100vw, 768px\" \/><\/figure>\r\n<p style=\"text-align: justify;\"><span style=\"font-family: helvetica, arial, sans-serif;\">\r\n\r\n<\/span><\/p>\r\n<h3 data-start=\"976\" data-end=\"1008\"><span style=\"font-family: helvetica, arial, sans-serif; font-size: 14pt;\">Actividades regulares<\/span><\/h3>\r\n<p data-start=\"1009\" data-end=\"1101\"><span style=\"font-family: helvetica, arial, sans-serif; font-size: 14pt;\">La sede alberga ensayos, talleres y actividades de distintas \u00e1reas del proyecto, incluyendo:<\/span><\/p>\r\n<ul data-start=\"1103\" data-end=\"1454\">\r\n<li data-start=\"1103\" data-end=\"1177\"><span style=\"font-family: helvetica, arial, sans-serif; font-size: 14pt;\"><strong>Grillitos Sinf\u00f3nicos <\/strong>(niveles Infantil y Juvenil)<\/span><\/li>\r\n<li data-start=\"1178\" data-end=\"1234\"><span style=\"font-family: helvetica, arial, sans-serif; font-size: 14pt;\"><strong>Cri Cri Producciones<\/strong> \u2013 Escuela de Teatro Musical<\/span><\/li>\r\n<li data-start=\"1235\" data-end=\"1319\"><span style=\"font-family: helvetica, arial, sans-serif; font-size: 14pt;\">Talleres de formaci\u00f3n musical para ni\u00f1os, adolescentes y adultos<\/span><\/li>\r\n<li data-start=\"1393\" data-end=\"1454\"><span style=\"font-family: helvetica, arial, sans-serif; font-size: 14pt;\">Reuniones de ensamble, direcci\u00f3n y <strong>producci\u00f3n art\u00edstica<\/strong><\/span><\/li>\r\n<\/ul>\r\n<p><img loading=\"lazy\" decoding=\"async\" class=\"aligncenter wp-image-514 size-full\" src=\"https:\/\/fundaciongrillos.net\/escuelagrillosinfonicos\/wp-content\/uploads\/2025\/05\/Captura-de-pantalla-2025-05-24-113718.png\" alt=\"\" width=\"551\" height=\"316\" srcset=\"https:\/\/fundaciongrillos.net\/escuelagrillosinfonicos\/wp-content\/uploads\/2025\/05\/Captura-de-pantalla-2025-05-24-113718.png 551w, https:\/\/fundaciongrillos.net\/escuelagrillosinfonicos\/wp-content\/uploads\/2025\/05\/Captura-de-pantalla-2025-05-24-113718-300x172.png 300w\" sizes=\"auto, (max-width: 551px) 100vw, 551px\" \/><\/p>\r\n<h3 class=\"wp-block-heading\" style=\"text-align: justify;\"><span style=\"font-family: helvetica, arial, sans-serif; font-size: 14pt;\">Compromiso con la comunidad<\/span><\/h3>\r\n<p style=\"text-align: justify;\"><span style=\"font-family: helvetica, arial, sans-serif; font-size: 14pt;\">\r\n\r\n<\/span><\/p>\r\n<p style=\"text-align: justify;\"><span style=\"font-family: helvetica, arial, sans-serif; font-size: 14pt;\">La infraestructura de nuestra sede fue desarrollada con el objetivo de ser un espacio abierto y accesible para la comunidad, promoviendo la participaci\u00f3n activa de las familias y el p\u00fablico en general en actividades art\u00edsticas y culturales. Adem\u00e1s, la sede est\u00e1 equipada para albergar eventos de relevancia regional e internacional, consolidando a <em><strong>Grillitos Sinf\u00f3nicos<\/strong><\/em> como un referente en la educaci\u00f3n musical y art\u00edstica en Misiones.<\/span><\/p>\r\n<p style=\"text-align: justify;\"><span style=\"font-family: helvetica, arial, sans-serif;\">\r\n\r\n<\/span><\/p>\r\n\r\n\r\n\r\n<figure><img loading=\"lazy\" decoding=\"async\" width=\"768\" height=\"576\" class=\"wp-image-106 aligncenter\" src=\"https:\/\/fundaciongrillos.net\/escuelagrillosinfonicos\/wp-content\/uploads\/2025\/05\/image-17.png\" alt=\"\" srcset=\"https:\/\/fundaciongrillos.net\/escuelagrillosinfonicos\/wp-content\/uploads\/2025\/05\/image-17.png 768w, https:\/\/fundaciongrillos.net\/escuelagrillosinfonicos\/wp-content\/uploads\/2025\/05\/image-17-300x225.png 300w\" sizes=\"auto, (max-width: 768px) 100vw, 768px\" \/><\/figure>\r\n<hr \/>\r\n<p style=\"text-align: justify;\"><span style=\"font-size: 14pt;\"><span style=\"font-family: helvetica, arial, sans-serif;\">Comandante Mi\u00f1o 2418 no es solo una direcci\u00f3n. Es un punto de encuentro, un escenario de sue\u00f1os, una casa donde la m\u00fasica y el arte florecen cada d\u00eda<\/span>.<\/span><\/p>\r\n\r\n\r\n","protected":false},"excerpt":{"rendered":"<p>Ubicada en el coraz\u00f3n del barrio El Palomar de Posadas, la sede de la Fundaci\u00f3n Grillos en Comandante Mi\u00f1o 2418 es un espacio vivo y en constante movimiento, donde el arte, la educaci\u00f3n y la comunidad se encuentran todos los d\u00edas. Auditorio Fundaci\u00f3n Grillos En esta sede funciona el Auditorio Principal de la Fundaci\u00f3n, inaugurado [&hellip;]<\/p>\n","protected":false},"author":1,"featured_media":105,"parent":0,"menu_order":0,"comment_status":"closed","ping_status":"closed","template":"","meta":{"footnotes":""},"class_list":["post-16","page","type-page","status-publish","has-post-thumbnail","hentry","entry","has-media"],"_links":{"self":[{"href":"https:\/\/fundaciongrillos.net\/escuelagrillosinfonicos\/wp-json\/wp\/v2\/pages\/16","targetHints":{"allow":["GET"]}}],"collection":[{"href":"https:\/\/fundaciongrillos.net\/escuelagrillosinfonicos\/wp-json\/wp\/v2\/pages"}],"about":[{"href":"https:\/\/fundaciongrillos.net\/escuelagrillosinfonicos\/wp-json\/wp\/v2\/types\/page"}],"author":[{"embeddable":true,"href":"https:\/\/fundaciongrillos.net\/escuelagrillosinfonicos\/wp-json\/wp\/v2\/users\/1"}],"replies":[{"embeddable":true,"href":"https:\/\/fundaciongrillos.net\/escuelagrillosinfonicos\/wp-json\/wp\/v2\/comments?post=16"}],"version-history":[{"count":13,"href":"https:\/\/fundaciongrillos.net\/escuelagrillosinfonicos\/wp-json\/wp\/v2\/pages\/16\/revisions"}],"predecessor-version":[{"id":549,"href":"https:\/\/fundaciongrillos.net\/escuelagrillosinfonicos\/wp-json\/wp\/v2\/pages\/16\/revisions\/549"}],"wp:featuredmedia":[{"embeddable":true,"href":"https:\/\/fundaciongrillos.net\/escuelagrillosinfonicos\/wp-json\/wp\/v2\/media\/105"}],"wp:attachment":[{"href":"https:\/\/fundaciongrillos.net\/escuelagrillosinfonicos\/wp-json\/wp\/v2\/media?parent=16"}],"curies":[{"name":"wp","href":"https:\/\/api.w.org\/{rel}","templated":true}]}}