{"id":500,"date":"2025-05-21T00:53:34","date_gmt":"2025-05-21T03:53:34","guid":{"rendered":"https:\/\/fundaciongrillos.net\/escuelagrillosinfonicos\/?page_id=500"},"modified":"2025-05-28T19:36:36","modified_gmt":"2025-05-28T22:36:36","slug":"equipo","status":"publish","type":"page","link":"https:\/\/fundaciongrillos.net\/escuelagrillosinfonicos\/equipo\/","title":{"rendered":"Equipo"},"content":{"rendered":"<h3><span style=\"font-family: helvetica, arial, sans-serif; font-size: 14pt; color: #333300;\">Docentes y Acompa\u00f1antes<\/span><\/h3>\n<p style=\"text-align: justify;\"><span style=\"font-family: helvetica, arial, sans-serif; font-size: 14pt;\">El equipo docente est\u00e1 integrado por <strong>m\u00fasicos<\/strong>,<strong> pedagogos y artistas<\/strong> con amplia experiencia en <strong>educaci\u00f3n musical<\/strong>, apoyados por instructores invitados nacionales e internacionales que enriquecen el proceso formativo con <strong>talleres <\/strong>y<strong> clases especiales<\/strong>.<\/span><\/p>\n<h3><span style=\"font-family: helvetica, arial, sans-serif; font-size: 14pt; color: #333300;\">Autoridades institucionales<\/span><\/h3>\n<ul>\n<li><span style=\"font-family: helvetica, arial, sans-serif; font-size: 14pt;\"><strong>Representante Legal:<\/strong> Mar\u00eda Alejandra Vendrell<\/span><\/li>\n<li><span style=\"font-family: helvetica, arial, sans-serif; font-size: 14pt;\"><strong>Directora General:<\/strong> Yaisa Brizuela<\/span><\/li>\n<li><span style=\"font-family: helvetica, arial, sans-serif; font-size: 14pt;\"><strong>Administraci\u00f3n:<\/strong> Alejandra Tomavich \/ Ver\u00f3nica Pelozo<\/span><\/li>\n<\/ul>\n<h3><span style=\"font-family: helvetica, arial, sans-serif; font-size: 14pt; color: #333300;\">Equipo Docente<\/span><\/h3>\n<ul>\n<li><span style=\"font-family: helvetica, arial, sans-serif; font-size: 14pt;\">Maril\u00e9 Vendrell<\/span><\/li>\n<li><span style=\"font-family: helvetica, arial, sans-serif; font-size: 14pt;\">Miguel Brizuela<\/span><\/li>\n<li><span style=\"font-family: helvetica, arial, sans-serif; font-size: 14pt;\">Eduardo Dacunda<\/span><\/li>\n<li><span style=\"font-family: helvetica, arial, sans-serif; font-size: 14pt;\">Sara Acu\u00f1a<\/span><\/li>\n<li><span style=\"font-family: helvetica, arial, sans-serif; font-size: 14pt;\">Soledad Colella<\/span><\/li>\n<li><span style=\"font-family: helvetica, arial, sans-serif; font-size: 14pt;\">Adriany G\u00f3mez Oliveros<\/span><\/li>\n<li><span style=\"font-family: helvetica, arial, sans-serif; font-size: 14pt;\">Wilson Pereira<\/span><\/li>\n<li><span style=\"font-family: helvetica, arial, sans-serif; font-size: 14pt;\">Anais G\u00f3mez Trosell<\/span><\/li>\n<li><span style=\"font-family: helvetica, arial, sans-serif; font-size: 14pt;\">Roc\u00edo Keiko Silvero<\/span><\/li>\n<li><span style=\"font-family: helvetica, arial, sans-serif; font-size: 14pt;\">Luc\u00eda Santilli<\/span><\/li>\n<li><span style=\"font-family: helvetica, arial, sans-serif; font-size: 14pt;\">Sebasti\u00e1n Gensollen<\/span><\/li>\n<li><span style=\"font-family: helvetica, arial, sans-serif; font-size: 14pt;\">Cintia Balbuena<\/span><\/li>\n<li><span style=\"font-family: helvetica, arial, sans-serif; font-size: 14pt;\">Milka<\/span><\/li>\n<li><span style=\"font-family: helvetica, arial, sans-serif; font-size: 14pt;\">Santino Ledesma<\/span><\/li>\n<li><span style=\"font-family: helvetica, arial, sans-serif; font-size: 14pt;\">Valentina L\u00f3pez<\/span><\/li>\n<li><span style=\"font-family: helvetica, arial, sans-serif; font-size: 14pt;\">Joaqu\u00edn Figueredo<\/span><\/li>\n<li><span style=\"font-family: helvetica, arial, sans-serif; font-size: 14pt;\">Ana Michalik<\/span><\/li>\n<li><span style=\"font-family: helvetica, arial, sans-serif; font-size: 14pt;\">Carolina Koteski<\/span><\/li>\n<li><span style=\"font-family: helvetica, arial, sans-serif; font-size: 14pt;\">\u00darsula Capalbo<\/span><\/li>\n<li><span style=\"font-family: helvetica, arial, sans-serif; font-size: 14pt;\">Tito M\u00e9ndez<\/span><\/li>\n<li><span style=\"font-family: helvetica, arial, sans-serif; font-size: 14pt;\">Mar\u00eda Ananias Lugo<\/span><\/li>\n<\/ul>\n","protected":false},"excerpt":{"rendered":"<p>Docentes y Acompa\u00f1antes El equipo docente est\u00e1 integrado por m\u00fasicos, pedagogos y artistas con amplia experiencia en educaci\u00f3n musical, apoyados por instructores invitados nacionales e internacionales que enriquecen el proceso formativo con talleres y clases especiales. Autoridades institucionales Representante Legal: Mar\u00eda Alejandra Vendrell Directora General: Yaisa Brizuela Administraci\u00f3n: Alejandra Tomavich \/ Ver\u00f3nica Pelozo Equipo Docente [&hellip;]<\/p>\n","protected":false},"author":1,"featured_media":0,"parent":0,"menu_order":0,"comment_status":"closed","ping_status":"closed","template":"","meta":{"footnotes":""},"class_list":["post-500","page","type-page","status-publish","hentry","entry"],"_links":{"self":[{"href":"https:\/\/fundaciongrillos.net\/escuelagrillosinfonicos\/wp-json\/wp\/v2\/pages\/500","targetHints":{"allow":["GET"]}}],"collection":[{"href":"https:\/\/fundaciongrillos.net\/escuelagrillosinfonicos\/wp-json\/wp\/v2\/pages"}],"about":[{"href":"https:\/\/fundaciongrillos.net\/escuelagrillosinfonicos\/wp-json\/wp\/v2\/types\/page"}],"author":[{"embeddable":true,"href":"https:\/\/fundaciongrillos.net\/escuelagrillosinfonicos\/wp-json\/wp\/v2\/users\/1"}],"replies":[{"embeddable":true,"href":"https:\/\/fundaciongrillos.net\/escuelagrillosinfonicos\/wp-json\/wp\/v2\/comments?post=500"}],"version-history":[{"count":5,"href":"https:\/\/fundaciongrillos.net\/escuelagrillosinfonicos\/wp-json\/wp\/v2\/pages\/500\/revisions"}],"predecessor-version":[{"id":554,"href":"https:\/\/fundaciongrillos.net\/escuelagrillosinfonicos\/wp-json\/wp\/v2\/pages\/500\/revisions\/554"}],"wp:attachment":[{"href":"https:\/\/fundaciongrillos.net\/escuelagrillosinfonicos\/wp-json\/wp\/v2\/media?parent=500"}],"curies":[{"name":"wp","href":"https:\/\/api.w.org\/{rel}","templated":true}]}}